{"id":19759,"date":"2020-05-22T14:40:07","date_gmt":"2020-05-22T12:40:07","guid":{"rendered":"https:\/\/www.passionwithoutlimits.com\/algemene-voorwaarden\/"},"modified":"2025-09-18T08:20:15","modified_gmt":"2025-09-18T06:20:15","slug":"allgemeine-bedingungen-supercar-vermietung","status":"publish","type":"page","link":"https:\/\/www.passionwithoutlimits.com\/de\/allgemeine-bedingungen\/","title":{"rendered":"Allgemeine Bedingungen"},"content":{"rendered":"<p style=\"text-align: center;\">Der Mieter unterschreibt vor der Anmietung einen Vertrag. Bei der \u00dcbergabe findet eine Einweisungsfahrt mit einem Mitglied des PassionWithoutLimits-Teams statt und das Auto wird gemeinsam inspiziert. Der Mieter erkl\u00e4rt sich mit einer Selbstbeteiligung von \u20ac 5.000,- einverstanden. Dieser Betrag (abz\u00fcglich der Kaution in H\u00f6he von \u20ac 1.000,-) muss sp\u00e4testens 7 Tage vor dem Anmietdatum als Kaution hinterlegt werden und ist f\u00fcr eventuelle Sch\u00e4den reserviert. Reicht das Restguthaben aus, wird der Mietpreis (zuz\u00fcglich der Treibstoffkosten und der eventuell zus\u00e4tzlich gefahrenen Kilometer) am Ende der Mietzeit davon abgezogen. Reicht das Restguthaben im Schadensfall nicht aus, muss der Mietpreis separat nachbezahlt werden.<\/p>\r\n<p style=\"text-align: center;\">W\u00e4hrend der PWL Experience und Tunnelruns fahren Mitarbeiter des PassionWithoutLimits-Teams mit der Gruppe, geben notwendige Anweisungen und treffen alle m\u00f6glichen Vorkehrungen f\u00fcr eine sichere Fahrt. Nur im Falle einer Hochzeit ist es erlaubt, das Fahrzeug ohne Begleitung zu benutzen.<\/p>\r\n<p style=\"text-align: center;\">Hier finden Sie unsere allgemeinen <strong><a href=\"https:\/\/www.passionwithoutlimits.com\/wp-content\/uploads\/2025\/03\/AGB-PassionWithoutLimits-1.pdf\" target=\"_blank\" rel=\"noopener\">Gesch\u00e4ftsbedingungen und die Preisliste<\/a><\/strong>.<\/p>","protected":false},"excerpt":{"rendered":"<div class=\"-mb-10 md:-mb-20\"><p>Der Mieter unterschreibt vor der Anmietung einen Vertrag. Bei der \u00dcbergabe findet eine Einweisungsfahrt mit einem Mitglied des PassionWithoutLimits-Teams statt und das Auto wird gemeinsam inspiziert. Der Mieter erkl\u00e4rt sich mit einer Selbstbeteiligung von \u20ac 5.000,- einverstanden. Dieser Betrag (abz\u00fcglich der Kaution in H\u00f6he von \u20ac 1.000,-) muss sp\u00e4testens 7 Tage vor dem Anmietdatum als [&hellip;]<\/p>\n<\/div>","protected":false},"author":1,"featured_media":0,"parent":0,"menu_order":0,"comment_status":"closed","ping_status":"closed","template":"","meta":{"_acf_changed":false,"inline_featured_image":false,"footnotes":""},"class_list":["post-19759","page","type-page","status-publish","hentry"],"acf":[],"yoast_head":"<!-- This site is optimized with the Yoast SEO plugin v27.3 - https:\/\/yoast.com\/product\/yoast-seo-wordpress\/ -->\n<title>Allgemeine bedingungen f\u00fcr supercar\u2011erlebnisse PWL<\/title>\n<meta name=\"description\" content=\"Sehen Sie sich die Preisliste und die wichtigsten Bedingungen f\u00fcr die Anmietung eines Supersportwagens von PassionWithoutLimits an.\" \/>\n<meta name=\"robots\" content=\"index, follow, max-snippet:-1, max-image-preview:large, max-video-preview:-1\" \/>\n<link rel=\"canonical\" href=\"https:\/\/www.passionwithoutlimits.com\/de\/allgemeine-bedingungen\/\" \/>\n<meta property=\"og:locale\" content=\"de_DE\" \/>\n<meta property=\"og:type\" content=\"article\" \/>\n<meta property=\"og:title\" content=\"Allgemeine bedingungen f\u00fcr supercar\u2011erlebnisse PWL\" \/>\n<meta property=\"og:description\" content=\"Sehen Sie sich die Preisliste und die wichtigsten Bedingungen f\u00fcr die Anmietung eines Supersportwagens von PassionWithoutLimits an.\" \/>\n<meta property=\"og:url\" content=\"https:\/\/www.passionwithoutlimits.com\/de\/allgemeine-bedingungen\/\" \/>\n<meta property=\"og:site_name\" content=\"Passion Without Limits\" \/>\n<meta property=\"article:modified_time\" content=\"2025-09-18T06:20:15+00:00\" \/>\n<meta property=\"og:image\" content=\"https:\/\/www.passionwithoutlimits.com\/wp-content\/uploads\/2021\/05\/Logo-PWL-2.jpg\" \/>\n\t<meta property=\"og:image:width\" content=\"500\" \/>\n\t<meta property=\"og:image:height\" content=\"228\" \/>\n\t<meta property=\"og:image:type\" content=\"image\/jpeg\" \/>\n<meta name=\"twitter:card\" content=\"summary_large_image\" \/>\n<meta name=\"twitter:label1\" content=\"Gesch\u00e4tzte Lesezeit\" \/>\n\t<meta name=\"twitter:data1\" content=\"1\u00a0Minute\" \/>\n<script type=\"application\/ld+json\" class=\"yoast-schema-graph\">{\"@context\":\"https:\\\/\\\/schema.org\",\"@graph\":[{\"@type\":\"WebPage\",\"@id\":\"https:\\\/\\\/www.passionwithoutlimits.com\\\/de\\\/allgemeine-bedingungen\\\/\",\"url\":\"https:\\\/\\\/www.passionwithoutlimits.com\\\/de\\\/allgemeine-bedingungen\\\/\",\"name\":\"Allgemeine bedingungen f\u00fcr supercar\u2011erlebnisse PWL\",\"isPartOf\":{\"@id\":\"https:\\\/\\\/www.passionwithoutlimits.com\\\/de\\\/#website\"},\"datePublished\":\"2020-05-22T12:40:07+00:00\",\"dateModified\":\"2025-09-18T06:20:15+00:00\",\"description\":\"Sehen Sie sich die Preisliste und die wichtigsten Bedingungen f\u00fcr die Anmietung eines Supersportwagens von PassionWithoutLimits an.\",\"breadcrumb\":{\"@id\":\"https:\\\/\\\/www.passionwithoutlimits.com\\\/de\\\/allgemeine-bedingungen\\\/#breadcrumb\"},\"inLanguage\":\"de\",\"potentialAction\":[{\"@type\":\"ReadAction\",\"target\":[\"https:\\\/\\\/www.passionwithoutlimits.com\\\/de\\\/allgemeine-bedingungen\\\/\"]}]},{\"@type\":\"BreadcrumbList\",\"@id\":\"https:\\\/\\\/www.passionwithoutlimits.com\\\/de\\\/allgemeine-bedingungen\\\/#breadcrumb\",\"itemListElement\":[{\"@type\":\"ListItem\",\"position\":1,\"name\":\"Home\",\"item\":\"https:\\\/\\\/www.passionwithoutlimits.com\\\/de\\\/\"},{\"@type\":\"ListItem\",\"position\":2,\"name\":\"Allgemeine Bedingungen\"}]},{\"@type\":\"WebSite\",\"@id\":\"https:\\\/\\\/www.passionwithoutlimits.com\\\/de\\\/#website\",\"url\":\"https:\\\/\\\/www.passionwithoutlimits.com\\\/de\\\/\",\"name\":\"Passion Without Limits\",\"description\":\"iClicks Wordpress Theme\",\"publisher\":{\"@id\":\"https:\\\/\\\/www.passionwithoutlimits.com\\\/de\\\/#organization\"},\"potentialAction\":[{\"@type\":\"SearchAction\",\"target\":{\"@type\":\"EntryPoint\",\"urlTemplate\":\"https:\\\/\\\/www.passionwithoutlimits.com\\\/de\\\/?s={search_term_string}\"},\"query-input\":{\"@type\":\"PropertyValueSpecification\",\"valueRequired\":true,\"valueName\":\"search_term_string\"}}],\"inLanguage\":\"de\"},{\"@type\":\"Organization\",\"@id\":\"https:\\\/\\\/www.passionwithoutlimits.com\\\/de\\\/#organization\",\"name\":\"Passion Without Limits\",\"url\":\"https:\\\/\\\/www.passionwithoutlimits.com\\\/de\\\/\",\"logo\":{\"@type\":\"ImageObject\",\"inLanguage\":\"de\",\"@id\":\"https:\\\/\\\/www.passionwithoutlimits.com\\\/de\\\/#\\\/schema\\\/logo\\\/image\\\/\",\"url\":\"https:\\\/\\\/www.passionwithoutlimits.com\\\/wp-content\\\/uploads\\\/2021\\\/05\\\/Logo-PWL-2.jpg\",\"contentUrl\":\"https:\\\/\\\/www.passionwithoutlimits.com\\\/wp-content\\\/uploads\\\/2021\\\/05\\\/Logo-PWL-2.jpg\",\"width\":500,\"height\":228,\"caption\":\"Passion Without Limits\"},\"image\":{\"@id\":\"https:\\\/\\\/www.passionwithoutlimits.com\\\/de\\\/#\\\/schema\\\/logo\\\/image\\\/\"}}]}<\/script>\n<!-- \/ Yoast SEO plugin. -->","yoast_head_json":{"title":"Allgemeine bedingungen f\u00fcr supercar\u2011erlebnisse PWL","description":"Sehen Sie sich die Preisliste und die wichtigsten Bedingungen f\u00fcr die Anmietung eines Supersportwagens von PassionWithoutLimits an.","robots":{"index":"index","follow":"follow","max-snippet":"max-snippet:-1","max-image-preview":"max-image-preview:large","max-video-preview":"max-video-preview:-1"},"canonical":"https:\/\/www.passionwithoutlimits.com\/de\/allgemeine-bedingungen\/","og_locale":"de_DE","og_type":"article","og_title":"Allgemeine bedingungen f\u00fcr supercar\u2011erlebnisse PWL","og_description":"Sehen Sie sich die Preisliste und die wichtigsten Bedingungen f\u00fcr die Anmietung eines Supersportwagens von PassionWithoutLimits an.","og_url":"https:\/\/www.passionwithoutlimits.com\/de\/allgemeine-bedingungen\/","og_site_name":"Passion Without Limits","article_modified_time":"2025-09-18T06:20:15+00:00","og_image":[{"width":500,"height":228,"url":"https:\/\/www.passionwithoutlimits.com\/wp-content\/uploads\/2021\/05\/Logo-PWL-2.jpg","type":"image\/jpeg"}],"twitter_card":"summary_large_image","twitter_misc":{"Gesch\u00e4tzte Lesezeit":"1\u00a0Minute"},"schema":{"@context":"https:\/\/schema.org","@graph":[{"@type":"WebPage","@id":"https:\/\/www.passionwithoutlimits.com\/de\/allgemeine-bedingungen\/","url":"https:\/\/www.passionwithoutlimits.com\/de\/allgemeine-bedingungen\/","name":"Allgemeine bedingungen f\u00fcr supercar\u2011erlebnisse PWL","isPartOf":{"@id":"https:\/\/www.passionwithoutlimits.com\/de\/#website"},"datePublished":"2020-05-22T12:40:07+00:00","dateModified":"2025-09-18T06:20:15+00:00","description":"Sehen Sie sich die Preisliste und die wichtigsten Bedingungen f\u00fcr die Anmietung eines Supersportwagens von PassionWithoutLimits an.","breadcrumb":{"@id":"https:\/\/www.passionwithoutlimits.com\/de\/allgemeine-bedingungen\/#breadcrumb"},"inLanguage":"de","potentialAction":[{"@type":"ReadAction","target":["https:\/\/www.passionwithoutlimits.com\/de\/allgemeine-bedingungen\/"]}]},{"@type":"BreadcrumbList","@id":"https:\/\/www.passionwithoutlimits.com\/de\/allgemeine-bedingungen\/#breadcrumb","itemListElement":[{"@type":"ListItem","position":1,"name":"Home","item":"https:\/\/www.passionwithoutlimits.com\/de\/"},{"@type":"ListItem","position":2,"name":"Allgemeine Bedingungen"}]},{"@type":"WebSite","@id":"https:\/\/www.passionwithoutlimits.com\/de\/#website","url":"https:\/\/www.passionwithoutlimits.com\/de\/","name":"Passion Without Limits","description":"iClicks Wordpress Theme","publisher":{"@id":"https:\/\/www.passionwithoutlimits.com\/de\/#organization"},"potentialAction":[{"@type":"SearchAction","target":{"@type":"EntryPoint","urlTemplate":"https:\/\/www.passionwithoutlimits.com\/de\/?s={search_term_string}"},"query-input":{"@type":"PropertyValueSpecification","valueRequired":true,"valueName":"search_term_string"}}],"inLanguage":"de"},{"@type":"Organization","@id":"https:\/\/www.passionwithoutlimits.com\/de\/#organization","name":"Passion Without Limits","url":"https:\/\/www.passionwithoutlimits.com\/de\/","logo":{"@type":"ImageObject","inLanguage":"de","@id":"https:\/\/www.passionwithoutlimits.com\/de\/#\/schema\/logo\/image\/","url":"https:\/\/www.passionwithoutlimits.com\/wp-content\/uploads\/2021\/05\/Logo-PWL-2.jpg","contentUrl":"https:\/\/www.passionwithoutlimits.com\/wp-content\/uploads\/2021\/05\/Logo-PWL-2.jpg","width":500,"height":228,"caption":"Passion Without Limits"},"image":{"@id":"https:\/\/www.passionwithoutlimits.com\/de\/#\/schema\/logo\/image\/"}}]}},"_links":{"self":[{"href":"https:\/\/www.passionwithoutlimits.com\/de\/wp-json\/wp\/v2\/pages\/19759","targetHints":{"allow":["GET"]}}],"collection":[{"href":"https:\/\/www.passionwithoutlimits.com\/de\/wp-json\/wp\/v2\/pages"}],"about":[{"href":"https:\/\/www.passionwithoutlimits.com\/de\/wp-json\/wp\/v2\/types\/page"}],"author":[{"embeddable":true,"href":"https:\/\/www.passionwithoutlimits.com\/de\/wp-json\/wp\/v2\/users\/1"}],"replies":[{"embeddable":true,"href":"https:\/\/www.passionwithoutlimits.com\/de\/wp-json\/wp\/v2\/comments?post=19759"}],"version-history":[{"count":14,"href":"https:\/\/www.passionwithoutlimits.com\/de\/wp-json\/wp\/v2\/pages\/19759\/revisions"}],"predecessor-version":[{"id":22108,"href":"https:\/\/www.passionwithoutlimits.com\/de\/wp-json\/wp\/v2\/pages\/19759\/revisions\/22108"}],"wp:attachment":[{"href":"https:\/\/www.passionwithoutlimits.com\/de\/wp-json\/wp\/v2\/media?parent=19759"}],"curies":[{"name":"wp","href":"https:\/\/api.w.org\/{rel}","templated":true}]}}