{"id":1190,"date":"2020-05-22T14:39:38","date_gmt":"2020-05-22T12:39:38","guid":{"rendered":"https:\/\/www.passionwithoutlimits.com\/contact\/"},"modified":"2025-03-07T23:58:06","modified_gmt":"2025-03-07T21:58:06","slug":"kontakt","status":"publish","type":"page","link":"https:\/\/www.passionwithoutlimits.com\/de\/kontakt\/","title":{"rendered":"Kontakt"},"content":{"rendered":"\r\n<p>Sie m\u00f6chten einen unserer <a href=\"https:\/\/www.passionwithoutlimits.com\/de\/supercar-mieten\/\">Supersportwagen<\/a> mieten? Sehen Sie sich unsere <a href=\"https:\/\/www.passionwithoutlimits.com\/de\/allgemeine-bedingungen\/\">Allgemeinen Gesch\u00e4ftsbedingungen<\/a> an oder f\u00fcllen Sie das Kontaktformular vollst\u00e4ndig aus. Wir werden uns so schnell wie m\u00f6glich f\u00fcr ein kostenloses Angebot mit Ihnen in Verbindung setzen. Um einen guten Eindruck von <a href=\"https:\/\/www.passionwithoutlimits.com\/de\/ueber-uns\/\">unserem Unternehmen<\/a> zu bekommen, lesen Sie bitte unsere Kundenerfahrungen:<\/p>\r\n\r\n<div data-src=\"https:\/\/cdn.trustindex.io\/loader.js?f4a1ee042b983984ed96916b3df\"><\/div>\r\n<!-- \/wp:post-content -->\r\n<h2>Kontakt Formular<\/h2>\r\n\n<div class=\"wpcf7 no-js\" id=\"wpcf7-f19475-o1\" lang=\"de-DE\" dir=\"ltr\" data-wpcf7-id=\"19475\">\n<div class=\"screen-reader-response\"><p role=\"status\" aria-live=\"polite\" aria-atomic=\"true\"><\/p> <ul><\/ul><\/div>\n<form action=\"\/de\/wp-json\/wp\/v2\/pages\/1190\/#wpcf7-f19475-o1\" method=\"post\" class=\"wpcf7-form init\" aria-label=\"Kontaktformular\" novalidate=\"novalidate\" data-status=\"init\">\n<fieldset class=\"hidden-fields-container\"><input type=\"hidden\" name=\"_wpcf7\" value=\"19475\" \/><input type=\"hidden\" name=\"_wpcf7_version\" value=\"6.1.5\" \/><input type=\"hidden\" name=\"_wpcf7_locale\" value=\"de_DE\" \/><input type=\"hidden\" name=\"_wpcf7_unit_tag\" value=\"wpcf7-f19475-o1\" \/><input type=\"hidden\" name=\"_wpcf7_container_post\" value=\"0\" \/><input type=\"hidden\" name=\"_wpcf7_posted_data_hash\" value=\"\" \/><input type=\"hidden\" name=\"_wpcf7_recaptcha_response\" value=\"\" \/>\n<\/fieldset>\n<div class=\"form-grid\">\n\n  <div class=\"form-col full-col\">\n    <div class=\"field-label\">Name <span>*<\/span><\/div>\n    <div class=\"field-input\"><span class=\"wpcf7-form-control-wrap\" data-name=\"customer-name\"><input size=\"40\" maxlength=\"400\" class=\"wpcf7-form-control wpcf7-text wpcf7-validates-as-required\" aria-required=\"true\" aria-invalid=\"false\" value=\"\" type=\"text\" name=\"customer-name\" \/><\/span><\/div>\n  <\/div>\n\n  <div class=\"form-col half-col\">\n    <div class=\"field-label\">E-Mail-Adresse (bitte \u00fcberpr\u00fcfen) <span>*<\/span><\/div>\n    <div class=\"field-input\"><span class=\"wpcf7-form-control-wrap\" data-name=\"customer-email\"><input size=\"40\" maxlength=\"400\" class=\"wpcf7-form-control wpcf7-email wpcf7-validates-as-required wpcf7-text wpcf7-validates-as-email\" aria-required=\"true\" aria-invalid=\"false\" value=\"\" type=\"email\" name=\"customer-email\" \/><\/span><\/div>\n  <\/div>\n\n  <div class=\"form-col half-col\">\n    <div class=\"field-label\">Telefonnummer <span>*<\/span><\/div>\n    <div class=\"field-input\"><span class=\"wpcf7-form-control-wrap\" data-name=\"customer-phone\"><input size=\"40\" maxlength=\"400\" class=\"wpcf7-form-control wpcf7-text wpcf7-validates-as-required\" aria-required=\"true\" aria-invalid=\"false\" value=\"\" type=\"text\" name=\"customer-phone\" \/><\/span><\/div>\n  <\/div>\n\n  <div class=\"form-col half-col\">\n    <div class=\"field-label\">Gew\u00fcnschtes Auto <span>*<\/span><\/div>\n    <div class=\"field-input\"><span class=\"wpcf7-form-control-wrap\" data-name=\"selected-vehicle\"><select class=\"wpcf7-form-control wpcf7-select wpcf7-validates-as-required\" aria-required=\"true\" aria-invalid=\"false\" name=\"selected-vehicle\"><option value=\"\">&#8211; Bitte ausw\u00e4hlen &#8211;<\/option><option value=\"Allgemeine Frage\">Allgemeine Frage<\/option><option value=\"Lamborghini Aventador SuperVeloce\">Lamborghini Aventador SuperVeloce<\/option><option value=\"Lamborghini Aventador Roadster\">Lamborghini Aventador Roadster<\/option><option value=\"Lamborghini Hurac\u00e1n Spyder\">Lamborghini Hurac\u00e1n Spyder<\/option><option value=\"Lamborghini Urus\">Lamborghini Urus<\/option><option value=\"Ferrari 458 Italia\">Ferrari 458 Italia<\/option><option value=\"Rolls Royce Phantom (mit Fahrer)\">Rolls Royce Phantom (mit Fahrer)<\/option><\/select><\/span><\/div>\n  <\/div>\n\n  <div class=\"form-col half-col\">\n    <div class=\"field-label\">Wunschtermin <span>*<\/span><\/div>\n    <div class=\"field-input\"><span class=\"wpcf7-form-control-wrap\" data-name=\"date\"><input class=\"wpcf7-form-control wpcf7-date wpcf7-validates-as-required wpcf7-validates-as-date\" aria-required=\"true\" aria-invalid=\"false\" value=\"2026-04-14\" type=\"date\" name=\"date\" \/><\/span><\/div>\n  <\/div>\n\n  <div class=\"form-col half-col\">\n    <div class=\"field-label\">Ort <span>*<\/span><\/div>\n    <div class=\"field-input\"><span class=\"wpcf7-form-control-wrap\" data-name=\"location\"><input size=\"40\" maxlength=\"400\" class=\"wpcf7-form-control wpcf7-text wpcf7-validates-as-required\" aria-required=\"true\" aria-invalid=\"false\" value=\"\" type=\"text\" name=\"location\" \/><\/span><\/div>\n  <\/div>\n\n  <div class=\"form-col half-col\">\n    <div class=\"field-label\">Gew\u00fcnschte Kilometerleistung (vom Abgabe- bis zum Abholort) <span>*<\/span><\/div>\n    <div class=\"field-input\"><span class=\"wpcf7-form-control-wrap\" data-name=\"kms\"><input size=\"40\" maxlength=\"400\" class=\"wpcf7-form-control wpcf7-text wpcf7-validates-as-required\" aria-required=\"true\" aria-invalid=\"false\" value=\"\" type=\"text\" name=\"kms\" \/><\/span><\/div>\n  <\/div>\n\n  <div class=\"form-col half-col\">\n    <div class=\"field-label\">Geht es um eine Hochzeit?<\/div>\n    <div class=\"field-input\"><span class=\"wpcf7-form-control-wrap\" data-name=\"hochzeit\"><span class=\"wpcf7-form-control wpcf7-radio\"><span class=\"wpcf7-list-item first\"><label><input type=\"radio\" name=\"hochzeit\" value=\"Ja\" checked=\"checked\" \/><span class=\"wpcf7-list-item-label\">Ja<\/span><\/label><\/span><span class=\"wpcf7-list-item last\"><label><input type=\"radio\" name=\"hochzeit\" value=\"Nein\" \/><span class=\"wpcf7-list-item-label\">Nein<\/span><\/label><\/span><\/span><\/span><\/div>\n  <\/div>\n\n  <div class=\"form-col half-col\">\n    <div class=\"field-label\">D\u00fcrfen wir Sie per WhatsApp kontaktieren?<\/div>\n    <div class=\"field-input\"><span class=\"wpcf7-form-control-wrap\" data-name=\"whatsapp\"><span class=\"wpcf7-form-control wpcf7-radio\"><span class=\"wpcf7-list-item first\"><label><input type=\"radio\" name=\"whatsapp\" value=\"Ja\" checked=\"checked\" \/><span class=\"wpcf7-list-item-label\">Ja<\/span><\/label><\/span><span class=\"wpcf7-list-item last\"><label><input type=\"radio\" name=\"whatsapp\" value=\"Nein\" \/><span class=\"wpcf7-list-item-label\">Nein<\/span><\/label><\/span><\/span><\/span><\/div>\n  <\/div>\n\n  <div class=\"form-col half-col\">\n    <div class=\"field-label\">Wie haben Sie uns gefunden?<\/div>\n    <div class=\"field-input\"><span class=\"wpcf7-form-control-wrap\" data-name=\"found-us\"><select class=\"wpcf7-form-control wpcf7-select\" aria-invalid=\"false\" name=\"found-us\"><option value=\"\">\u2014 Ausw\u00e4hlen \u2014<\/option><option value=\"Google\">Google<\/option><option value=\"ChatGPT\">ChatGPT<\/option><option value=\"Facebook\">Facebook<\/option><option value=\"Instagram\">Instagram<\/option><option value=\"TikTok\">TikTok<\/option><option value=\"Snapchat\">Snapchat<\/option><option value=\"LinkedIn\">LinkedIn<\/option><option value=\"TripAdvisor\">TripAdvisor<\/option><option value=\"Hochzeitswebseite\">Hochzeitswebseite<\/option><option value=\"Brosch\u00fcre\/Flyer\">Brosch\u00fcre\/Flyer<\/option><option value=\"Familie\/Freunde\">Familie\/Freunde<\/option><option value=\"Goodwood Art Gallery\">Goodwood Art Gallery<\/option><option value=\"HorsePower Car Events\">HorsePower Car Events<\/option><option value=\"Andernfalls\">Andernfalls<\/option><\/select><\/span><\/div>\n  <\/div>\n\n  <div class=\"form-col full-col\">\n    <div class=\"field-label\">Nachricht<\/div>\n    <div class=\"field-input\"><span class=\"wpcf7-form-control-wrap\" data-name=\"your-message\"><textarea cols=\"40\" rows=\"10\" maxlength=\"2000\" class=\"wpcf7-form-control wpcf7-textarea\" aria-invalid=\"false\" name=\"your-message\"><\/textarea><\/span><\/div>\n  <\/div>\n\n  <div class=\"form-col full-col\">\n    <div class=\"field-input submit\"><input class=\"wpcf7-form-control wpcf7-submit has-spinner btn btn-primary w-full\" type=\"submit\" value=\"Senden\" \/><\/div>\n  <\/div>\n\n<\/div><div class=\"wpcf7-response-output\" aria-hidden=\"true\"><\/div>\n<\/form>\n<\/div>\n\r\n<!-- \/wp:paragraph -->","protected":false},"excerpt":{"rendered":"<div class=\"-mb-10 md:-mb-20\"><p>Sie m\u00f6chten einen unserer Supersportwagen mieten? Sehen Sie sich unsere Allgemeinen Gesch\u00e4ftsbedingungen an oder f\u00fcllen Sie das Kontaktformular vollst\u00e4ndig aus. Wir werden uns so schnell wie m\u00f6glich f\u00fcr ein kostenloses Angebot mit Ihnen in Verbindung setzen. Um einen guten Eindruck von unserem Unternehmen zu bekommen, lesen Sie bitte unsere Kundenerfahrungen: Kontakt Formular<\/p>\n<\/div>","protected":false},"author":1,"featured_media":0,"parent":0,"menu_order":0,"comment_status":"closed","ping_status":"closed","template":"","meta":{"_acf_changed":false,"inline_featured_image":false,"footnotes":""},"class_list":["post-1190","page","type-page","status-publish","hentry"],"acf":[],"yoast_head":"<!-- This site is optimized with the Yoast SEO plugin v27.3 - https:\/\/yoast.com\/product\/yoast-seo-wordpress\/ -->\n<title>Kontaktieren Sie uns - PassionWithoutLimits<\/title>\n<meta name=\"description\" content=\"Nehmen Sie Kontakt mit uns auf, wenn Sie Fragen zu unseren Fahrzeugen haben oder direkt ein Auto mieten m\u00f6chten. F\u00fcllen Sie das Formular aus und wir werden Sie so schnell wie m\u00f6glich kontaktieren.\" \/>\n<meta name=\"robots\" content=\"index, follow, max-snippet:-1, max-image-preview:large, max-video-preview:-1\" \/>\n<link rel=\"canonical\" href=\"https:\/\/www.passionwithoutlimits.com\/de\/kontakt\/\" \/>\n<meta property=\"og:locale\" content=\"de_DE\" \/>\n<meta property=\"og:type\" content=\"article\" \/>\n<meta property=\"og:title\" content=\"Kontaktieren Sie uns - PassionWithoutLimits\" \/>\n<meta property=\"og:description\" content=\"Nehmen Sie Kontakt mit uns auf, wenn Sie Fragen zu unseren Fahrzeugen haben oder direkt ein Auto mieten m\u00f6chten. F\u00fcllen Sie das Formular aus und wir werden Sie so schnell wie m\u00f6glich kontaktieren.\" \/>\n<meta property=\"og:url\" content=\"https:\/\/www.passionwithoutlimits.com\/de\/kontakt\/\" \/>\n<meta property=\"og:site_name\" content=\"Passion Without Limits\" \/>\n<meta property=\"article:modified_time\" content=\"2025-03-07T21:58:06+00:00\" \/>\n<meta property=\"og:image\" content=\"https:\/\/www.passionwithoutlimits.com\/wp-content\/uploads\/2021\/05\/Logo-PWL-2.jpg\" \/>\n\t<meta property=\"og:image:width\" content=\"500\" \/>\n\t<meta property=\"og:image:height\" content=\"228\" \/>\n\t<meta property=\"og:image:type\" content=\"image\/jpeg\" \/>\n<meta name=\"twitter:card\" content=\"summary_large_image\" \/>\n<meta name=\"twitter:label1\" content=\"Gesch\u00e4tzte Lesezeit\" \/>\n\t<meta name=\"twitter:data1\" content=\"1\u00a0Minute\" \/>\n<script type=\"application\/ld+json\" class=\"yoast-schema-graph\">{\"@context\":\"https:\\\/\\\/schema.org\",\"@graph\":[{\"@type\":\"WebPage\",\"@id\":\"https:\\\/\\\/www.passionwithoutlimits.com\\\/de\\\/kontakt\\\/\",\"url\":\"https:\\\/\\\/www.passionwithoutlimits.com\\\/de\\\/kontakt\\\/\",\"name\":\"Kontaktieren Sie uns - PassionWithoutLimits\",\"isPartOf\":{\"@id\":\"https:\\\/\\\/www.passionwithoutlimits.com\\\/de\\\/#website\"},\"datePublished\":\"2020-05-22T12:39:38+00:00\",\"dateModified\":\"2025-03-07T21:58:06+00:00\",\"description\":\"Nehmen Sie Kontakt mit uns auf, wenn Sie Fragen zu unseren Fahrzeugen haben oder direkt ein Auto mieten m\u00f6chten. F\u00fcllen Sie das Formular aus und wir werden Sie so schnell wie m\u00f6glich kontaktieren.\",\"breadcrumb\":{\"@id\":\"https:\\\/\\\/www.passionwithoutlimits.com\\\/de\\\/kontakt\\\/#breadcrumb\"},\"inLanguage\":\"de\",\"potentialAction\":[{\"@type\":\"ReadAction\",\"target\":[\"https:\\\/\\\/www.passionwithoutlimits.com\\\/de\\\/kontakt\\\/\"]}]},{\"@type\":\"BreadcrumbList\",\"@id\":\"https:\\\/\\\/www.passionwithoutlimits.com\\\/de\\\/kontakt\\\/#breadcrumb\",\"itemListElement\":[{\"@type\":\"ListItem\",\"position\":1,\"name\":\"Home\",\"item\":\"https:\\\/\\\/www.passionwithoutlimits.com\\\/de\\\/\"},{\"@type\":\"ListItem\",\"position\":2,\"name\":\"Kontakt\"}]},{\"@type\":\"WebSite\",\"@id\":\"https:\\\/\\\/www.passionwithoutlimits.com\\\/de\\\/#website\",\"url\":\"https:\\\/\\\/www.passionwithoutlimits.com\\\/de\\\/\",\"name\":\"Passion Without Limits\",\"description\":\"iClicks Wordpress Theme\",\"publisher\":{\"@id\":\"https:\\\/\\\/www.passionwithoutlimits.com\\\/de\\\/#organization\"},\"potentialAction\":[{\"@type\":\"SearchAction\",\"target\":{\"@type\":\"EntryPoint\",\"urlTemplate\":\"https:\\\/\\\/www.passionwithoutlimits.com\\\/de\\\/?s={search_term_string}\"},\"query-input\":{\"@type\":\"PropertyValueSpecification\",\"valueRequired\":true,\"valueName\":\"search_term_string\"}}],\"inLanguage\":\"de\"},{\"@type\":\"Organization\",\"@id\":\"https:\\\/\\\/www.passionwithoutlimits.com\\\/de\\\/#organization\",\"name\":\"Passion Without Limits\",\"url\":\"https:\\\/\\\/www.passionwithoutlimits.com\\\/de\\\/\",\"logo\":{\"@type\":\"ImageObject\",\"inLanguage\":\"de\",\"@id\":\"https:\\\/\\\/www.passionwithoutlimits.com\\\/de\\\/#\\\/schema\\\/logo\\\/image\\\/\",\"url\":\"https:\\\/\\\/www.passionwithoutlimits.com\\\/wp-content\\\/uploads\\\/2021\\\/05\\\/Logo-PWL-2.jpg\",\"contentUrl\":\"https:\\\/\\\/www.passionwithoutlimits.com\\\/wp-content\\\/uploads\\\/2021\\\/05\\\/Logo-PWL-2.jpg\",\"width\":500,\"height\":228,\"caption\":\"Passion Without Limits\"},\"image\":{\"@id\":\"https:\\\/\\\/www.passionwithoutlimits.com\\\/de\\\/#\\\/schema\\\/logo\\\/image\\\/\"}}]}<\/script>\n<!-- \/ Yoast SEO plugin. -->","yoast_head_json":{"title":"Kontaktieren Sie uns - PassionWithoutLimits","description":"Nehmen Sie Kontakt mit uns auf, wenn Sie Fragen zu unseren Fahrzeugen haben oder direkt ein Auto mieten m\u00f6chten. F\u00fcllen Sie das Formular aus und wir werden Sie so schnell wie m\u00f6glich kontaktieren.","robots":{"index":"index","follow":"follow","max-snippet":"max-snippet:-1","max-image-preview":"max-image-preview:large","max-video-preview":"max-video-preview:-1"},"canonical":"https:\/\/www.passionwithoutlimits.com\/de\/kontakt\/","og_locale":"de_DE","og_type":"article","og_title":"Kontaktieren Sie uns - PassionWithoutLimits","og_description":"Nehmen Sie Kontakt mit uns auf, wenn Sie Fragen zu unseren Fahrzeugen haben oder direkt ein Auto mieten m\u00f6chten. F\u00fcllen Sie das Formular aus und wir werden Sie so schnell wie m\u00f6glich kontaktieren.","og_url":"https:\/\/www.passionwithoutlimits.com\/de\/kontakt\/","og_site_name":"Passion Without Limits","article_modified_time":"2025-03-07T21:58:06+00:00","og_image":[{"width":500,"height":228,"url":"https:\/\/www.passionwithoutlimits.com\/wp-content\/uploads\/2021\/05\/Logo-PWL-2.jpg","type":"image\/jpeg"}],"twitter_card":"summary_large_image","twitter_misc":{"Gesch\u00e4tzte Lesezeit":"1\u00a0Minute"},"schema":{"@context":"https:\/\/schema.org","@graph":[{"@type":"WebPage","@id":"https:\/\/www.passionwithoutlimits.com\/de\/kontakt\/","url":"https:\/\/www.passionwithoutlimits.com\/de\/kontakt\/","name":"Kontaktieren Sie uns - PassionWithoutLimits","isPartOf":{"@id":"https:\/\/www.passionwithoutlimits.com\/de\/#website"},"datePublished":"2020-05-22T12:39:38+00:00","dateModified":"2025-03-07T21:58:06+00:00","description":"Nehmen Sie Kontakt mit uns auf, wenn Sie Fragen zu unseren Fahrzeugen haben oder direkt ein Auto mieten m\u00f6chten. F\u00fcllen Sie das Formular aus und wir werden Sie so schnell wie m\u00f6glich kontaktieren.","breadcrumb":{"@id":"https:\/\/www.passionwithoutlimits.com\/de\/kontakt\/#breadcrumb"},"inLanguage":"de","potentialAction":[{"@type":"ReadAction","target":["https:\/\/www.passionwithoutlimits.com\/de\/kontakt\/"]}]},{"@type":"BreadcrumbList","@id":"https:\/\/www.passionwithoutlimits.com\/de\/kontakt\/#breadcrumb","itemListElement":[{"@type":"ListItem","position":1,"name":"Home","item":"https:\/\/www.passionwithoutlimits.com\/de\/"},{"@type":"ListItem","position":2,"name":"Kontakt"}]},{"@type":"WebSite","@id":"https:\/\/www.passionwithoutlimits.com\/de\/#website","url":"https:\/\/www.passionwithoutlimits.com\/de\/","name":"Passion Without Limits","description":"iClicks Wordpress Theme","publisher":{"@id":"https:\/\/www.passionwithoutlimits.com\/de\/#organization"},"potentialAction":[{"@type":"SearchAction","target":{"@type":"EntryPoint","urlTemplate":"https:\/\/www.passionwithoutlimits.com\/de\/?s={search_term_string}"},"query-input":{"@type":"PropertyValueSpecification","valueRequired":true,"valueName":"search_term_string"}}],"inLanguage":"de"},{"@type":"Organization","@id":"https:\/\/www.passionwithoutlimits.com\/de\/#organization","name":"Passion Without Limits","url":"https:\/\/www.passionwithoutlimits.com\/de\/","logo":{"@type":"ImageObject","inLanguage":"de","@id":"https:\/\/www.passionwithoutlimits.com\/de\/#\/schema\/logo\/image\/","url":"https:\/\/www.passionwithoutlimits.com\/wp-content\/uploads\/2021\/05\/Logo-PWL-2.jpg","contentUrl":"https:\/\/www.passionwithoutlimits.com\/wp-content\/uploads\/2021\/05\/Logo-PWL-2.jpg","width":500,"height":228,"caption":"Passion Without Limits"},"image":{"@id":"https:\/\/www.passionwithoutlimits.com\/de\/#\/schema\/logo\/image\/"}}]}},"_links":{"self":[{"href":"https:\/\/www.passionwithoutlimits.com\/de\/wp-json\/wp\/v2\/pages\/1190","targetHints":{"allow":["GET"]}}],"collection":[{"href":"https:\/\/www.passionwithoutlimits.com\/de\/wp-json\/wp\/v2\/pages"}],"about":[{"href":"https:\/\/www.passionwithoutlimits.com\/de\/wp-json\/wp\/v2\/types\/page"}],"author":[{"embeddable":true,"href":"https:\/\/www.passionwithoutlimits.com\/de\/wp-json\/wp\/v2\/users\/1"}],"replies":[{"embeddable":true,"href":"https:\/\/www.passionwithoutlimits.com\/de\/wp-json\/wp\/v2\/comments?post=1190"}],"version-history":[{"count":15,"href":"https:\/\/www.passionwithoutlimits.com\/de\/wp-json\/wp\/v2\/pages\/1190\/revisions"}],"predecessor-version":[{"id":21997,"href":"https:\/\/www.passionwithoutlimits.com\/de\/wp-json\/wp\/v2\/pages\/1190\/revisions\/21997"}],"wp:attachment":[{"href":"https:\/\/www.passionwithoutlimits.com\/de\/wp-json\/wp\/v2\/media?parent=1190"}],"curies":[{"name":"wp","href":"https:\/\/api.w.org\/{rel}","templated":true}]}}